{"id":756,"date":"2021-10-13T20:28:27","date_gmt":"2021-10-13T18:28:27","guid":{"rendered":"https:\/\/feuerlino.de\/shop\/?post_type=product&#038;p=756"},"modified":"2021-10-23T22:07:36","modified_gmt":"2021-10-23T20:07:36","slug":"thermo-trinkflasche-500ml-personalisiert","status":"publish","type":"product","link":"https:\/\/feuerlino.de\/shop\/produkt\/thermo-trinkflasche-500ml-personalisiert\/","title":{"rendered":"Thermo-Trinkflasche Feuerlino mit Henkel &#8211; Edestahl 500ml &#8211; mit Namen personalisierbar"},"content":{"rendered":"<p>Trinkflasche mit 500 ml F\u00fcllmenge ist durch die doppelwandige Vakuumisolation auslaufsicher und h\u00e4lt dein Getr\u00e4nk bis zu 12 Stunden warm und 24 Stunden kalt. Sie ist aus rostfreiem 18\/8 Edelstahl und frei von BPA. Dadurch beh\u00e4lt dein Getr\u00e4nk seinen nat\u00fcrlichen Geschmack.<\/p>\n<p>Unsere isolierte Trinkflasche ist ein absoluter Hingucker mit dem tollen Feuerlino-Motiv. Die Flasche ist ca. 24cm hoch und ca. 6,5 cm breit.<br \/>\nDurch ihren Schraubverschluss ist sie auslaufsicher und anhand des Henkels praktisch zum Tragen.<\/p>\n<p>Die Trinkflasche ist ideal f\u00fcr warme oder kalte Getr\u00e4nke \u2013 sei es in der Schule, im Sport oder beim Wandern mit der Familie. <\/p>\n<p>Die Edelstahl Trinkflasche ist au\u00dferdem bruchsicher und hitzebest\u00e4ndig. Man direkt aus der Thermoflasche trinken. Sie ist pflegeleicht und perfekt f\u00fcr Unterwegs. Die Thermoflasche ist leicht zu reinigen, jedoch nicht sp\u00fclmaschinengeeignet.<\/p>\n<p><strong>Pflegehinweis:<\/strong> Bitte reinige die Thermo-Trinkflasche nicht in der Sp\u00fclmaschine, sondern per Hand.<\/p>\n<p>Widerruf:<br \/>\nDa es sich um ein personalisiertes Produkt handelt, ist jede Thermo-Trinkflasche ein Unikat und durch die Individualisierung vom Umtausch ausgeschlossen.<\/p>\n","protected":false},"excerpt":{"rendered":"<p>Individuelle Feuerlino Isolier-\/Thermo Trinkflasche aus Edelstahl. Ideal f\u00fcr warme oder kalte Getr\u00e4nke \u2013 sei es in der Schule, im Sport oder beim Wandern mit der Familie.<\/p>\n<ul>\n<li>auslaufsicher<\/li>\n<li>bruchsicher und hitzebest\u00e4ndig<\/li>\n<li>ideal f\u00fcr warme oder kalte Getr\u00e4nke<\/li>\n<li>personalisierbar<\/li>\n<\/ul>\n","protected":false},"featured_media":758,"template":"","meta":{"_links_to":"","_links_to_target":""},"product_brand":[],"product_cat":[117,120,15],"product_tag":[],"class_list":{"0":"post-756","1":"product","2":"type-product","3":"status-publish","4":"has-post-thumbnail","6":"product_cat-personalisiert","7":"product_cat-trinkflaschen","8":"product_cat-trinkgefaesse","9":"product_shipping_class-versandkostenpauschale","11":"first","12":"instock","13":"shipping-taxable","14":"purchasable","15":"product-type-simple"},"_links":{"self":[{"href":"https:\/\/feuerlino.de\/shop\/wp-json\/wp\/v2\/product\/756","targetHints":{"allow":["GET"]}}],"collection":[{"href":"https:\/\/feuerlino.de\/shop\/wp-json\/wp\/v2\/product"}],"about":[{"href":"https:\/\/feuerlino.de\/shop\/wp-json\/wp\/v2\/types\/product"}],"wp:featuredmedia":[{"embeddable":true,"href":"https:\/\/feuerlino.de\/shop\/wp-json\/wp\/v2\/media\/758"}],"wp:attachment":[{"href":"https:\/\/feuerlino.de\/shop\/wp-json\/wp\/v2\/media?parent=756"}],"wp:term":[{"taxonomy":"product_brand","embeddable":true,"href":"https:\/\/feuerlino.de\/shop\/wp-json\/wp\/v2\/product_brand?post=756"},{"taxonomy":"product_cat","embeddable":true,"href":"https:\/\/feuerlino.de\/shop\/wp-json\/wp\/v2\/product_cat?post=756"},{"taxonomy":"product_tag","embeddable":true,"href":"https:\/\/feuerlino.de\/shop\/wp-json\/wp\/v2\/product_tag?post=756"}],"curies":[{"name":"wp","href":"https:\/\/api.w.org\/{rel}","templated":true}]}}