{"id":639,"date":"2021-10-05T10:37:24","date_gmt":"2021-10-05T08:37:24","guid":{"rendered":"https:\/\/feuerlino.de\/shop\/?post_type=product&#038;p=639"},"modified":"2025-02-02T17:24:07","modified_gmt":"2025-02-02T16:24:07","slug":"kindernotrufkarten-wunschlogos-englisch","status":"publish","type":"product","link":"https:\/\/feuerlino.de\/shop\/produkt\/kindernotrufkarten-wunschlogos-englisch\/","title":{"rendered":"Kindernotrufkarten mit Wunschlogo(s) &#8211; Englisch"},"content":{"rendered":"<p>Die Kindernotrufkarte f\u00fcr Kinder im Kindergarten- und Grundschulalter von Feuerlino\u00ae<br \/>\nFeuerlino zeigt Kindern mit seiner Kindernotrufkarte, wie sie sich im Notfall verhalten sollen. Sie lernen, wie sie \u00fcber die Notrufnummer 112 richtig Hilfe holen. Zum Beispiel wenn es brennt oder sich ein Freund beim Spielen verletzt hat.<\/p>\n<p>Die Kindernotrufkarte verbindet eine kindgerechte Anleitung zum Absetzen eines Notrufs mit einer Liste der wichtigen Telefonnummern (Familienmitglieder, Rettungsdienst und Feuerwehr) und gilt zur Pr\u00e4vention und Hilfestellung mit dem Ziel, dass Kinder die Notrufnummer 112 richtig \u00fcben und wissen, wie sie im Ernstfall Hilfe holen k\u00f6nnen.<\/p>\n<p>Weitere Infos der englischen Version unter: <a href=\"https:\/\/www.kids-emergency-card.com\" target=\"_blank\" rel=\"noopener\">www.kids-emergency-card.com \u2192<\/a><\/p>\n<p><strong>Individualisierung:<\/strong><\/p>\n<p>Ihre Logo(s) auf der Vorderseite und R\u00fcckseite, vollfarbig 4C, verf\u00fcgbare Fl\u00e4che: max. 44 mm x 11 mm.<br \/>\nIndividualisiert durch Einbindung Ihres Logos im Druck (beidseitig) &#8211; ideal f\u00fcr Beh\u00f6rden, Organisationen und Institutionen zur Brandschutzerziehung in Kinderg\u00e4rten, Schulen oder in der Jugendfeuerwehr.<\/p>\n<p>Nach Ihrer Bestellung nehmen wir innerhalb von 24 Stunden (werktags) Kontakt mit Ihnen auf um die Individualisierung zu besprechen und umgehend umzusetzen. Die Freigabe erfolgt per digitalem Korrekturabzug.<\/p>\n<p>Spezielle W\u00fcnsche? Da jeder Kindernotrufkarten-Auftrag gesondert produziert wird, k\u00f6nnen wir auf alle Ihre W\u00fcnsche eingehen.<br \/>\nNehmen Sie einfach Kontakt zu uns auf!<\/p>\n<p>Widerruf:<br \/>\nDa es sich um ein personalisiertes Produkt handelt, sind diese Kindernotrufkarten ein Unikat und durch die Individualisierung vom Umtausch ausgeschlossen.<\/p>\n","protected":false},"excerpt":{"rendered":"<p><span style=\"color: #c2282f;\"><strong>SOS f\u00fcr Kids leicht erkl\u00e4rt mit Feuerlinos Kindernotrufkarte und Ihrem Logo.<\/strong><\/span><\/p>\n<p>Die zweiseitige Karte verbindet eine kindgerechte Anleitung zum Absetzen eines Notrufs mit einer Liste der wichtigen Telefonnummern.<\/p>\n<p>Format: 9,8 x 21 cm<br \/>\nMaterial: 300 g Bilderdruck matt<br \/>\nbeidseitig bedruckt<\/p>\n<p>Individualisiert durch Einbindung Ihres Logos im Druck (beidseitig).<br \/>\nIm Preis enthalten sind einmalige Satzkosten i.H.v. 69Euro.<\/p>\n","protected":false},"featured_media":2046,"template":"","meta":{"_links_to":"","_links_to_target":""},"product_brand":[],"product_cat":[69],"product_tag":[],"class_list":{"0":"post-639","1":"product","2":"type-product","3":"status-publish","4":"has-post-thumbnail","6":"product_cat-kindernotrufkarten","8":"first","9":"instock","10":"shipping-taxable","11":"purchasable","12":"product-type-variable","13":"has-default-attributes"},"_links":{"self":[{"href":"https:\/\/feuerlino.de\/shop\/wp-json\/wp\/v2\/product\/639","targetHints":{"allow":["GET"]}}],"collection":[{"href":"https:\/\/feuerlino.de\/shop\/wp-json\/wp\/v2\/product"}],"about":[{"href":"https:\/\/feuerlino.de\/shop\/wp-json\/wp\/v2\/types\/product"}],"wp:featuredmedia":[{"embeddable":true,"href":"https:\/\/feuerlino.de\/shop\/wp-json\/wp\/v2\/media\/2046"}],"wp:attachment":[{"href":"https:\/\/feuerlino.de\/shop\/wp-json\/wp\/v2\/media?parent=639"}],"wp:term":[{"taxonomy":"product_brand","embeddable":true,"href":"https:\/\/feuerlino.de\/shop\/wp-json\/wp\/v2\/product_brand?post=639"},{"taxonomy":"product_cat","embeddable":true,"href":"https:\/\/feuerlino.de\/shop\/wp-json\/wp\/v2\/product_cat?post=639"},{"taxonomy":"product_tag","embeddable":true,"href":"https:\/\/feuerlino.de\/shop\/wp-json\/wp\/v2\/product_tag?post=639"}],"curies":[{"name":"wp","href":"https:\/\/api.w.org\/{rel}","templated":true}]}}