{"id":556,"date":"2021-10-03T12:58:56","date_gmt":"2021-10-03T10:58:56","guid":{"rendered":"https:\/\/feuerlino.de\/shop\/?post_type=product&#038;p=556"},"modified":"2024-03-09T17:49:00","modified_gmt":"2024-03-09T16:49:00","slug":"kinder-fruehstuecksbrettchen-feuerwehr-holz-gravur","status":"publish","type":"product","link":"https:\/\/feuerlino.de\/shop\/produkt\/kinder-fruehstuecksbrettchen-feuerwehr-holz-gravur\/","title":{"rendered":"Kinder Fr\u00fchst\u00fccksbrettchen Feuerwehr aus Holz mit Gravur"},"content":{"rendered":"<p>Lasse Kinderaugen strahlen mit unserem personalisierten Fr\u00fchst\u00fccksbrettchen mit niedlichem Feuerlino-Motiv.<br \/>\nUnsere Brettchen aus hochwertigem Holz sind ideal als Geschenk f\u00fcr Babys, Geschenk f\u00fcr Kinder, Patenkind Geschenk, Geschenk zur Geburt oder Geburtstagsgeschenk.<\/p>\n<p>Auf diesem s\u00fc\u00dfen Holzbrett macht das Kr\u00fcmeln noch viel mehr Spa\u00df. \ud83d\ude09<\/p>\n<p>Ob als Vesperbrett, Fr\u00fchst\u00fccksbrett, Brotzeitbrett, Jausenbrett oder Schneidebrett &#8211; das Feuerlino Feuerwehrbrettchen wird immer ein treuer Begleiter sein.<\/p>\n<p>Durch die Gr\u00f6\u00dfe des Brettchens von ca. 23x15cm, ist es sch\u00f6n handlich und ideal zum Gebrauch.<\/p>\n<p><strong>Pflegehinweis:<\/strong> Bitte reinige das Brettchen nicht in der Sp\u00fclmaschine, sondern per Hand. Wenn du ganz lange Freude an deinem Brettchen haben m\u00f6chtest, empfehlen wir dir eine gelegentliche Pflege mit Speise\u00f6l (einfach auf die Oberfl\u00e4che auftragen und einreiben).<br \/>\nHast du schon gewusst? Essig desinfiziert hervorragend und das auf nat\u00fcrliche Weise. <\/p>\n<p>Widerruf:<br \/>\nDa es sich um ein personalisiertes Produkt handelt, ist jedes Brettchen ein Unikat und durch die Individualisierung vom Umtausch ausgeschlossen.<\/p>\n","protected":false},"excerpt":{"rendered":"<p>Feuerlino Feuerwehrbrettchen mit Gravur des Wunschnamen l\u00e4sst Kinderaugen strahlen<\/p>\n<p>Ma\u00dfe: 23x15x1 cm<br \/>\nMaterial: Gummibaum Holz<\/p>\n","protected":false},"featured_media":558,"template":"","meta":{"_links_to":"","_links_to_target":""},"product_brand":[],"product_cat":[116,117],"product_tag":[],"class_list":{"0":"post-556","1":"product","2":"type-product","3":"status-publish","4":"has-post-thumbnail","6":"product_cat-holzbrettchen","7":"product_cat-personalisiert","8":"product_shipping_class-versandkostenpauschale","10":"first","11":"outofstock","12":"shipping-taxable","13":"purchasable","14":"product-type-simple"},"_links":{"self":[{"href":"https:\/\/feuerlino.de\/shop\/wp-json\/wp\/v2\/product\/556","targetHints":{"allow":["GET"]}}],"collection":[{"href":"https:\/\/feuerlino.de\/shop\/wp-json\/wp\/v2\/product"}],"about":[{"href":"https:\/\/feuerlino.de\/shop\/wp-json\/wp\/v2\/types\/product"}],"wp:featuredmedia":[{"embeddable":true,"href":"https:\/\/feuerlino.de\/shop\/wp-json\/wp\/v2\/media\/558"}],"wp:attachment":[{"href":"https:\/\/feuerlino.de\/shop\/wp-json\/wp\/v2\/media?parent=556"}],"wp:term":[{"taxonomy":"product_brand","embeddable":true,"href":"https:\/\/feuerlino.de\/shop\/wp-json\/wp\/v2\/product_brand?post=556"},{"taxonomy":"product_cat","embeddable":true,"href":"https:\/\/feuerlino.de\/shop\/wp-json\/wp\/v2\/product_cat?post=556"},{"taxonomy":"product_tag","embeddable":true,"href":"https:\/\/feuerlino.de\/shop\/wp-json\/wp\/v2\/product_tag?post=556"}],"curies":[{"name":"wp","href":"https:\/\/api.w.org\/{rel}","templated":true}]}}