{"id":511,"date":"2021-10-13T15:33:14","date_gmt":"2021-10-13T13:33:14","guid":{"rendered":"https:\/\/feuerlino.de\/shop\/?post_type=product&#038;p=511"},"modified":"2026-03-31T18:56:30","modified_gmt":"2026-03-31T16:56:30","slug":"teddybaer-feuerwehrmann-spielzeug","status":"publish","type":"product","link":"https:\/\/feuerlino.de\/shop\/produkt\/teddybaer-feuerwehrmann-spielzeug\/","title":{"rendered":"Feuerwehrteddy in Unform und Helm"},"content":{"rendered":"<p>Bezaubernde, superweiche Softpl\u00fcsch-Figur, mit fast vorschriftsm\u00e4\u00dfiger Einsatzkleidung.<br \/>\nAufw\u00e4ndig in Handarbeit gefertigt. Der Teddyb\u00e4r ist 32cm hoch.<br \/>\nZum Sammeln, Tr\u00f6sten, Dekorieren und Verschenken!<\/p>\n","protected":false},"excerpt":{"rendered":"<p>Feuerwehrteddy in Unform und Helm als super Geschenk oder Gl\u00fccksbringer.<\/p>\n<ul>\n<li>Pl\u00fcsch \/ Kuscheltier<\/li>\n<li>32 cm<\/li>\n<\/ul>\n","protected":false},"featured_media":513,"template":"","meta":{"_links_to":"","_links_to_target":""},"product_brand":[],"product_cat":[115,114],"product_tag":[],"class_list":{"0":"post-511","1":"product","2":"type-product","3":"status-publish","4":"has-post-thumbnail","6":"product_cat-plueschfiguren","7":"product_cat-spielwaren","8":"product_shipping_class-versandkostenpauschale","10":"first","11":"instock","12":"featured","13":"shipping-taxable","14":"purchasable","15":"product-type-simple"},"_links":{"self":[{"href":"https:\/\/feuerlino.de\/shop\/wp-json\/wp\/v2\/product\/511","targetHints":{"allow":["GET"]}}],"collection":[{"href":"https:\/\/feuerlino.de\/shop\/wp-json\/wp\/v2\/product"}],"about":[{"href":"https:\/\/feuerlino.de\/shop\/wp-json\/wp\/v2\/types\/product"}],"wp:featuredmedia":[{"embeddable":true,"href":"https:\/\/feuerlino.de\/shop\/wp-json\/wp\/v2\/media\/513"}],"wp:attachment":[{"href":"https:\/\/feuerlino.de\/shop\/wp-json\/wp\/v2\/media?parent=511"}],"wp:term":[{"taxonomy":"product_brand","embeddable":true,"href":"https:\/\/feuerlino.de\/shop\/wp-json\/wp\/v2\/product_brand?post=511"},{"taxonomy":"product_cat","embeddable":true,"href":"https:\/\/feuerlino.de\/shop\/wp-json\/wp\/v2\/product_cat?post=511"},{"taxonomy":"product_tag","embeddable":true,"href":"https:\/\/feuerlino.de\/shop\/wp-json\/wp\/v2\/product_tag?post=511"}],"curies":[{"name":"wp","href":"https:\/\/api.w.org\/{rel}","templated":true}]}}