{"id":493,"date":"2021-09-13T13:45:49","date_gmt":"2021-09-13T11:45:49","guid":{"rendered":"https:\/\/feuerlino.de\/shop\/?post_type=product&#038;p=493"},"modified":"2024-03-09T19:54:32","modified_gmt":"2024-03-09T18:54:32","slug":"spardose-kinder-wunscherfueller-holz","status":"publish","type":"product","link":"https:\/\/feuerlino.de\/shop\/produkt\/spardose-kinder-wunscherfueller-holz\/","title":{"rendered":"Spardose Kinder | Motiv Wunscherf\u00fcller | Bilderrahmen &#8211; Holz"},"content":{"rendered":"<p>Moderne Spardose &#8211; Dank dem coolen 3D Bilderrahmen mit Schlitz zum Einwerfen von Geldscheinen und M\u00fcnzen, kannst k\u00f6nnen Kinder jetzt flei\u00dfig f\u00fcr ihr Vorhaben sparen. Das Beste daran, durch die transparente Front haben sie den aktuellen Stand ihres Ersparten immer im Blick.<\/p>\n<p>Eine originelle Geschenkidee f\u00fcr Kinder. Der Bilderrahmen ist gleichzeig eine Spardose. Die R\u00fcckseite wird mit dem Motiv &#8222;Wunscherf\u00fcller&#8220; bedruckt.<\/p>\n<p>M\u00fcnzen, Geldscheine und kleine Wunschzettelchen k\u00f6nnen durch den Schlitz oben in die Spardose geworfen werden.<br \/>\nDie R\u00fcckwand ist abnehmbar um an den Inhalt im Rahmen zu kommen.<\/p>\n<p>Material Rahmen: Holz<br \/>\nFarbe Rahmen: Natur<br \/>\nFront: Kunststoff<br \/>\nGr\u00f6sse: (BxHxT) 17 x 17 x 5 cm<br \/>\nSchlitz: 4,3 x 0,3cm<\/p>\n","protected":false},"excerpt":{"rendered":"<p>Bilderrahmen-Spardose &#8222;Wunscherf\u00fcller&#8220; mit Feuerlino und seinem L\u00f6schfahrzeug<\/p>\n","protected":false},"featured_media":496,"template":"","meta":{"_links_to":"","_links_to_target":""},"product_brand":[],"product_cat":[113,111],"product_tag":[],"class_list":{"0":"post-493","1":"product","2":"type-product","3":"status-publish","4":"has-post-thumbnail","6":"product_cat-holz","7":"product_cat-spardosen","8":"product_shipping_class-versandkostenpauschale","10":"first","11":"instock","12":"sale","13":"shipping-taxable","14":"purchasable","15":"product-type-simple"},"_links":{"self":[{"href":"https:\/\/feuerlino.de\/shop\/wp-json\/wp\/v2\/product\/493","targetHints":{"allow":["GET"]}}],"collection":[{"href":"https:\/\/feuerlino.de\/shop\/wp-json\/wp\/v2\/product"}],"about":[{"href":"https:\/\/feuerlino.de\/shop\/wp-json\/wp\/v2\/types\/product"}],"wp:featuredmedia":[{"embeddable":true,"href":"https:\/\/feuerlino.de\/shop\/wp-json\/wp\/v2\/media\/496"}],"wp:attachment":[{"href":"https:\/\/feuerlino.de\/shop\/wp-json\/wp\/v2\/media?parent=493"}],"wp:term":[{"taxonomy":"product_brand","embeddable":true,"href":"https:\/\/feuerlino.de\/shop\/wp-json\/wp\/v2\/product_brand?post=493"},{"taxonomy":"product_cat","embeddable":true,"href":"https:\/\/feuerlino.de\/shop\/wp-json\/wp\/v2\/product_cat?post=493"},{"taxonomy":"product_tag","embeddable":true,"href":"https:\/\/feuerlino.de\/shop\/wp-json\/wp\/v2\/product_tag?post=493"}],"curies":[{"name":"wp","href":"https:\/\/api.w.org\/{rel}","templated":true}]}}