{"id":482,"date":"2021-09-09T12:51:22","date_gmt":"2021-09-09T10:51:22","guid":{"rendered":"https:\/\/feuerlino.de\/shop\/?post_type=product&#038;p=482"},"modified":"2025-12-13T16:46:37","modified_gmt":"2025-12-13T15:46:37","slug":"sicherheitskragen-fuer-kinder","status":"publish","type":"product","link":"https:\/\/feuerlino.de\/shop\/produkt\/sicherheitskragen-fuer-kinder\/","title":{"rendered":"Sicherheitskragen f\u00fcr Kinder"},"content":{"rendered":"<p>Feuerlinos Sicherheitskragen f\u00fcr Kinder geh\u00f6ren in jede Schult\u00fcte. Aber nicht nur auf dem t\u00e4glichen Schulweg verbessern Sicherheitskragen die Sichtbarkeit von Kindern im Stra\u00dfenverkehr: Bei Fahrradtouren, Spazierg\u00e4ngen oder anderen Freizeitaktivit\u00e4ten w\u00e4hrend der dunklen Jahreszeit sorgen die Kragen f\u00fcr mehr Sicherheit. <\/p>\n<ul>\n<li>reflektierender Warnschutz zum \u00dcberst\u00fclpen<\/li>\n<li>Zertifiziert nach EN 13356:2001 <\/li>\n<li>Einheitsgr\u00f6\u00dfe f\u00fcr Kinder<\/li>\n<li>ums\u00e4umt mit silber reflektierender Polyestereinfassung<\/li>\n<li>Farbe: Neongelb<\/li>\n<li>F\u00fcr Kindergartenkinder und Grundsch\u00fcler geeignet<\/li>\n<\/ul>\n","protected":false},"excerpt":{"rendered":"<p>Auf dem Spielplatz, dem Schulweg oder beim Radfahren \u2013 der perfekte Begleiter f\u00fcr Kinder in der dunklen Jahreszeit: <\/p>\n<ul>\n<li>Reflektierender Signalkragen<\/li>\n<li>Robustes, strapazierf\u00e4higes Material<\/li>\n<li>Erh\u00f6ht die Sichtbarkeit von Kindern <\/li>\n<\/ul>\n","protected":false},"featured_media":563,"template":"","meta":{"_links_to":"","_links_to_target":""},"product_brand":[],"product_cat":[110],"product_tag":[],"class_list":{"0":"post-482","1":"product","2":"type-product","3":"status-publish","4":"has-post-thumbnail","6":"product_cat-warnweste","7":"product_shipping_class-versandkostenpauschale","9":"first","10":"outofstock","11":"shipping-taxable","12":"purchasable","13":"product-type-simple"},"_links":{"self":[{"href":"https:\/\/feuerlino.de\/shop\/wp-json\/wp\/v2\/product\/482","targetHints":{"allow":["GET"]}}],"collection":[{"href":"https:\/\/feuerlino.de\/shop\/wp-json\/wp\/v2\/product"}],"about":[{"href":"https:\/\/feuerlino.de\/shop\/wp-json\/wp\/v2\/types\/product"}],"wp:featuredmedia":[{"embeddable":true,"href":"https:\/\/feuerlino.de\/shop\/wp-json\/wp\/v2\/media\/563"}],"wp:attachment":[{"href":"https:\/\/feuerlino.de\/shop\/wp-json\/wp\/v2\/media?parent=482"}],"wp:term":[{"taxonomy":"product_brand","embeddable":true,"href":"https:\/\/feuerlino.de\/shop\/wp-json\/wp\/v2\/product_brand?post=482"},{"taxonomy":"product_cat","embeddable":true,"href":"https:\/\/feuerlino.de\/shop\/wp-json\/wp\/v2\/product_cat?post=482"},{"taxonomy":"product_tag","embeddable":true,"href":"https:\/\/feuerlino.de\/shop\/wp-json\/wp\/v2\/product_tag?post=482"}],"curies":[{"name":"wp","href":"https:\/\/api.w.org\/{rel}","templated":true}]}}