{"id":449,"date":"2021-08-28T18:33:48","date_gmt":"2021-08-28T16:33:48","guid":{"rendered":"https:\/\/feuerlino.de\/shop\/?post_type=product&#038;p=449"},"modified":"2023-05-31T07:38:16","modified_gmt":"2023-05-31T05:38:16","slug":"magnet-feuerlino-set","status":"publish","type":"product","link":"https:\/\/feuerlino.de\/shop\/produkt\/magnet-feuerlino-set\/","title":{"rendered":"Magnet &#8222;Mit Feuerlino im Einsatz&#8220; Set"},"content":{"rendered":"<p>Die Feuerlino Magnetbuttons eigenen sich hervorragend um Stundenpl\u00e4ne, sch\u00f6ne Erinnerungen oder lustige Spr\u00fcche sicher am K\u00fchlschrank festzuhalten.<\/p>\n<p>Suchst Du nach einem praktischen kleinen Geschenk, bei dem Du kein Risiko eingehst, dass es floppt? Mit einem unserer K\u00fchlschrankmagnete gehst Du auf Nummer sicher. K\u00fchlschrankmagnete von Feuerlino haben neben dem schm\u00fcckenden Effekt auch einen sinnvollen Nutzen. Gerade Familien k\u00f6nnen sich damit wesentlich besser bei der allt\u00e4glichen Arbeit organisieren. Verteile Aufgaben, die an der K\u00fchlschrankt\u00fcr hinterlassen werden, spielend leicht. Genauso praktisch sind die kompakten Helfer, um Einkaufslisten, Notizzettel oder die Kunstwerke Deines kleinen Picassos zu befestigen.<br \/>\nToll auch als kleines Mitgebsel beim Kindergeburtstag.<\/p>\n","protected":false},"excerpt":{"rendered":"<p>Metallbutton mit Magnetr\u00fccken<br \/>\nhaftet an allen metallischen Gegenst\u00e4nden<br \/>\n\u00d8 3,8 cm<\/p>\n","protected":false},"featured_media":1416,"template":"","meta":{"_links_to":"","_links_to_target":""},"product_brand":[],"product_cat":[71],"product_tag":[],"class_list":{"0":"post-449","1":"product","2":"type-product","3":"status-publish","4":"has-post-thumbnail","6":"product_cat-magnete","7":"product_shipping_class-versandkostenpauschale","9":"first","10":"instock","11":"shipping-taxable","12":"purchasable","13":"product-type-variable","14":"has-default-attributes"},"_links":{"self":[{"href":"https:\/\/feuerlino.de\/shop\/wp-json\/wp\/v2\/product\/449","targetHints":{"allow":["GET"]}}],"collection":[{"href":"https:\/\/feuerlino.de\/shop\/wp-json\/wp\/v2\/product"}],"about":[{"href":"https:\/\/feuerlino.de\/shop\/wp-json\/wp\/v2\/types\/product"}],"wp:featuredmedia":[{"embeddable":true,"href":"https:\/\/feuerlino.de\/shop\/wp-json\/wp\/v2\/media\/1416"}],"wp:attachment":[{"href":"https:\/\/feuerlino.de\/shop\/wp-json\/wp\/v2\/media?parent=449"}],"wp:term":[{"taxonomy":"product_brand","embeddable":true,"href":"https:\/\/feuerlino.de\/shop\/wp-json\/wp\/v2\/product_brand?post=449"},{"taxonomy":"product_cat","embeddable":true,"href":"https:\/\/feuerlino.de\/shop\/wp-json\/wp\/v2\/product_cat?post=449"},{"taxonomy":"product_tag","embeddable":true,"href":"https:\/\/feuerlino.de\/shop\/wp-json\/wp\/v2\/product_tag?post=449"}],"curies":[{"name":"wp","href":"https:\/\/api.w.org\/{rel}","templated":true}]}}