{"id":1461,"date":"2022-11-19T18:37:01","date_gmt":"2022-11-19T17:37:01","guid":{"rendered":"https:\/\/feuerlino.de\/shop\/?post_type=product&#038;p=1461"},"modified":"2023-02-07T15:22:58","modified_gmt":"2023-02-07T14:22:58","slug":"notrufset-feuerwehr-rettungsdienst","status":"publish","type":"product","link":"https:\/\/feuerlino.de\/shop\/produkt\/notrufset-feuerwehr-rettungsdienst\/","title":{"rendered":"Notruf-Set, Spielkombination Feuerwehr und Rettungsdienst"},"content":{"rendered":"<p>Detailliertes 3-teiliges Notruf-Set bestehend aus 1 Feuerwehr-Drehleiter, 1 Tankl\u00f6schfahrzeug und 1 Rettungswagen zum Spielen und Sammeln<\/p>\n<p>Robustes und stabiles Design aus Metall und Kunststoff, Bereifung aus Kunststoff, Drehleiter zum Hochfahren, Ausziehen und Drehen<\/p>\n<p>Ideal als Geschenk f\u00fcr Kinder zu bspw. Geburtstagen oder f\u00fcr zwischendurch geeignet, aber auch als Dekoration f\u00fcr Erwachsenen-Geburtstage oder Hochzeitsgeschenke<\/p>\n<p>Perfekt zum platzsparenden Mitnehmen, Langanhaltender Spielspa\u00df durch unz\u00e4hlige Kombinationsm\u00f6glichkeiten innerhalb der siku-Spielwelt<\/p>\n<p>Lieferumfang: 1x siku 6326 Notruf-Set, Material: Metall\/Kunststoff, Abmessungen: 17 x 7,0 x 10 cm, Gewicht: 0,164 kg, Farbe: Rot\/Wei\u00df, Serie: SIKU GESCHENKSET<\/p>\n","protected":false},"excerpt":{"rendered":"<p>Notruf-Set, Metall\/Kunststoff, Rot\/Wei\u00df, Spielkombination, Bewegliche Teile<\/p>\n","protected":false},"featured_media":1464,"template":"","meta":{"_links_to":"","_links_to_target":""},"product_brand":[],"product_cat":[145,114],"product_tag":[],"class_list":{"0":"post-1461","1":"product","2":"type-product","3":"status-publish","4":"has-post-thumbnail","6":"product_cat-siku","7":"product_cat-spielwaren","8":"product_shipping_class-versandkostenpauschale","10":"first","11":"outofstock","12":"shipping-taxable","13":"purchasable","14":"product-type-simple"},"_links":{"self":[{"href":"https:\/\/feuerlino.de\/shop\/wp-json\/wp\/v2\/product\/1461","targetHints":{"allow":["GET"]}}],"collection":[{"href":"https:\/\/feuerlino.de\/shop\/wp-json\/wp\/v2\/product"}],"about":[{"href":"https:\/\/feuerlino.de\/shop\/wp-json\/wp\/v2\/types\/product"}],"wp:featuredmedia":[{"embeddable":true,"href":"https:\/\/feuerlino.de\/shop\/wp-json\/wp\/v2\/media\/1464"}],"wp:attachment":[{"href":"https:\/\/feuerlino.de\/shop\/wp-json\/wp\/v2\/media?parent=1461"}],"wp:term":[{"taxonomy":"product_brand","embeddable":true,"href":"https:\/\/feuerlino.de\/shop\/wp-json\/wp\/v2\/product_brand?post=1461"},{"taxonomy":"product_cat","embeddable":true,"href":"https:\/\/feuerlino.de\/shop\/wp-json\/wp\/v2\/product_cat?post=1461"},{"taxonomy":"product_tag","embeddable":true,"href":"https:\/\/feuerlino.de\/shop\/wp-json\/wp\/v2\/product_tag?post=1461"}],"curies":[{"name":"wp","href":"https:\/\/api.w.org\/{rel}","templated":true}]}}