{"id":1419,"date":"2022-11-19T16:15:49","date_gmt":"2022-11-19T15:15:49","guid":{"rendered":"https:\/\/feuerlino.de\/shop\/?post_type=product&#038;p=1419"},"modified":"2023-06-11T21:06:36","modified_gmt":"2023-06-11T19:06:36","slug":"toddys-by-siku-harry-helpy-feuerwehrauto","status":"publish","type":"product","link":"https:\/\/feuerlino.de\/shop\/produkt\/toddys-by-siku-harry-helpy-feuerwehrauto\/","title":{"rendered":"Toddys by siku, Harry Helpy, 3-teiliges Feuerwehrauto mit Licht und Sound"},"content":{"rendered":"<p>Spannendes, hochwertiges Spielzeugauto f\u00fcr Kinder ab 18 Monaten zur F\u00f6rderung der Feinmotorik, Ausdauer, Geduld und zum Spa\u00df haben, Ideal als Geschenk und f\u00fcr zwischendurch geeignet.<\/p>\n<p>Harry Helpy: Bewegliche Spielfigur &#8222;Harry&#8220; und 3-teiliges Fahrzeug &#8222;Helpy&#8220;, Licht- und Soundeffekte zur Unterst\u00fctzung der Fahrzeugcharakteristik, Dreh- und herausziehbare Leiter.<\/p>\n<p>Siku-Click-Play-System: Einfaches Kombinieren durch Dreh-Steck-System der Fahrzeugteile zur F\u00f6rderung der motorischen F\u00e4higkeiten, Kompatibel mit Bausteinen anderer Hersteller.<\/p>\n<p>Robuste Verarbeitung in siku-Qualit\u00e4t, Design Made in Germany, CE-Siegel: Frei von Weichmachern und chemischen Stoffen, Hochwertiger Friktionsmotor f\u00fcr einfachen Vortrieb.<\/p>\n<p>Lieferumfang: 1 x Toddys by siku, Harry Helpy, Inkl. 3-teiliges Fahrzeug, Spielfigur und 3 AG13 Batterien, L\u00e4nge: 7,5 cm (Harry) \/ 29,5 cm (Helpy), Gewicht: 280 g, Farbe: Rot\/Gelb, Material: Kunststoff, 0124.<\/p>\n","protected":false},"excerpt":{"rendered":"<p>Toddys by siku 0124, Harry Helpy, 3-teiliges Feuerwehrauto mit Licht und Sound, Zusammensteckbar, Inkl. beweglicher Spielfigur und Leiter, Hochwertiger Schwungradmotor, Rot\/Gelb, Ab 18 Monaten<\/p>\n","protected":false},"featured_media":1420,"template":"","meta":{"_links_to":"","_links_to_target":""},"product_brand":[],"product_cat":[114,146],"product_tag":[],"class_list":{"0":"post-1419","1":"product","2":"type-product","3":"status-publish","4":"has-post-thumbnail","6":"product_cat-spielwaren","7":"product_cat-toddys","8":"product_shipping_class-versandkostenpauschale","10":"first","11":"outofstock","12":"shipping-taxable","13":"purchasable","14":"product-type-simple"},"_links":{"self":[{"href":"https:\/\/feuerlino.de\/shop\/wp-json\/wp\/v2\/product\/1419","targetHints":{"allow":["GET"]}}],"collection":[{"href":"https:\/\/feuerlino.de\/shop\/wp-json\/wp\/v2\/product"}],"about":[{"href":"https:\/\/feuerlino.de\/shop\/wp-json\/wp\/v2\/types\/product"}],"wp:featuredmedia":[{"embeddable":true,"href":"https:\/\/feuerlino.de\/shop\/wp-json\/wp\/v2\/media\/1420"}],"wp:attachment":[{"href":"https:\/\/feuerlino.de\/shop\/wp-json\/wp\/v2\/media?parent=1419"}],"wp:term":[{"taxonomy":"product_brand","embeddable":true,"href":"https:\/\/feuerlino.de\/shop\/wp-json\/wp\/v2\/product_brand?post=1419"},{"taxonomy":"product_cat","embeddable":true,"href":"https:\/\/feuerlino.de\/shop\/wp-json\/wp\/v2\/product_cat?post=1419"},{"taxonomy":"product_tag","embeddable":true,"href":"https:\/\/feuerlino.de\/shop\/wp-json\/wp\/v2\/product_tag?post=1419"}],"curies":[{"name":"wp","href":"https:\/\/api.w.org\/{rel}","templated":true}]}}