{"id":1384,"date":"2022-11-07T18:25:29","date_gmt":"2022-11-07T17:25:29","guid":{"rendered":"https:\/\/feuerlino.de\/shop\/?post_type=product&#038;p=1384"},"modified":"2026-01-06T18:17:51","modified_gmt":"2026-01-06T17:17:51","slug":"spardose-kinder-feuerlino","status":"publish","type":"product","link":"https:\/\/feuerlino.de\/shop\/produkt\/spardose-kinder-feuerlino\/","title":{"rendered":"Spardose Kinder | B\u00e4r Feuerlino"},"content":{"rendered":"<p>Niedlicher Feuerlino-Teddy in Einsatzkleidung und Spardose im Bauch, ca. 17 cm hoch. Ein tolles Geschenk f\u00fcr kleine und auch gr\u00f6\u00dfere Feuerwehrfans. Durch den unten angebrachten Schraubverschluss bleibt der Teddy wunderbar gerade sitzen! Der Einwurfschlitz befindet sich hinten am Kopf unter dem Nackenschutz.<\/p>\n<p>M\u00fcnzen, Geldscheine oder kleine Wunschzettelchen k\u00f6nnen durch den Schlitz oben in die Spardose geworfen werden.<\/p>\n","protected":false},"excerpt":{"rendered":"<p>Feuerlino-Teddy als Spardose<\/p>\n<p>\u2022 17 cm hoch<br \/>\n\u2022 Einwurfschlitz hinten am Kopf unter dem Nackenschutz<\/p>\n","protected":false},"featured_media":1385,"template":"","meta":{"_links_to":"","_links_to_target":""},"product_brand":[],"product_cat":[111],"product_tag":[],"class_list":{"0":"post-1384","1":"product","2":"type-product","3":"status-publish","4":"has-post-thumbnail","6":"product_cat-spardosen","7":"product_shipping_class-versandkostenpauschale","9":"first","10":"instock","11":"shipping-taxable","12":"purchasable","13":"product-type-simple"},"_links":{"self":[{"href":"https:\/\/feuerlino.de\/shop\/wp-json\/wp\/v2\/product\/1384","targetHints":{"allow":["GET"]}}],"collection":[{"href":"https:\/\/feuerlino.de\/shop\/wp-json\/wp\/v2\/product"}],"about":[{"href":"https:\/\/feuerlino.de\/shop\/wp-json\/wp\/v2\/types\/product"}],"wp:featuredmedia":[{"embeddable":true,"href":"https:\/\/feuerlino.de\/shop\/wp-json\/wp\/v2\/media\/1385"}],"wp:attachment":[{"href":"https:\/\/feuerlino.de\/shop\/wp-json\/wp\/v2\/media?parent=1384"}],"wp:term":[{"taxonomy":"product_brand","embeddable":true,"href":"https:\/\/feuerlino.de\/shop\/wp-json\/wp\/v2\/product_brand?post=1384"},{"taxonomy":"product_cat","embeddable":true,"href":"https:\/\/feuerlino.de\/shop\/wp-json\/wp\/v2\/product_cat?post=1384"},{"taxonomy":"product_tag","embeddable":true,"href":"https:\/\/feuerlino.de\/shop\/wp-json\/wp\/v2\/product_tag?post=1384"}],"curies":[{"name":"wp","href":"https:\/\/api.w.org\/{rel}","templated":true}]}}