{"id":1298,"date":"2022-04-02T14:47:55","date_gmt":"2022-04-02T12:47:55","guid":{"rendered":"https:\/\/feuerlino.de\/shop\/?post_type=product&#038;p=1298"},"modified":"2022-11-16T22:19:06","modified_gmt":"2022-11-16T21:19:06","slug":"tasse-mit-feuerlino-im-einsatz-baer-und-wunschnamen","status":"publish","type":"product","link":"https:\/\/feuerlino.de\/shop\/produkt\/tasse-mit-feuerlino-im-einsatz-baer-und-wunschnamen\/","title":{"rendered":"Tasse &#8222;Mit Feuerlino im Einsatz&#8220; B\u00e4r und Wunschnamen"},"content":{"rendered":"<p>Ob als Geburtstags\u00fcberraschung, Geschenk zur Einschulung, Patengeschenk, Weihnachtsgeschenk oder als originelles Ostergeschenk, mit dieser sch\u00f6nen Keramiktasse kann man nur richtig liegen.<\/p>\n<p>Die coole Feuerlino Motiv macht unglaublich viel Spa\u00df beim Fr\u00fchst\u00fcck, Mittagsessen oder Abendbrot.<\/p>\n<p>Die tollen Feuerlino Keramiktassen mit Namen sind ein einzigartiges Geschenk f\u00fcr Kinder. Die Tasse f\u00fcr jeden Anlass und kann auch super als B\u00fcrotasse, Teetasse oder Kaffeetasse benutzt werden.<\/p>\n<p>Widerruf:<br \/>\nDa es sich um ein personalisiertes Produkt handelt, ist jede Tasse ein Unikat und durch die Individualisierung vom Umtausch ausgeschlossen.<\/p>\n","protected":false},"excerpt":{"rendered":"<p>Tasse aus Keramik, wei\u00dfe Glasur<br \/>\nInnenseite und Henkel in rot<br \/>\nmit Feuerlino-Motiv und Wunschnamen in blauer oder roter Schriftfarbe<\/p>\n<p>F\u00fcllmenge: 0,3 l<br \/>\nH\u00f6he 97 mm, \u00d8 82 mm, ca. 340 g<br \/>\nSp\u00fclmaschinengeeignet<br \/>\nMircowellenbest\u00e4ndig<\/p>\n","protected":false},"featured_media":1301,"template":"","meta":{"_links_to":"","_links_to_target":""},"product_brand":[],"product_cat":[117,70,15],"product_tag":[],"class_list":{"0":"post-1298","1":"product","2":"type-product","3":"status-publish","4":"has-post-thumbnail","6":"product_cat-personalisiert","7":"product_cat-tassen","8":"product_cat-trinkgefaesse","10":"first","11":"instock","12":"shipping-taxable","13":"purchasable","14":"product-type-variable","15":"has-default-attributes"},"_links":{"self":[{"href":"https:\/\/feuerlino.de\/shop\/wp-json\/wp\/v2\/product\/1298","targetHints":{"allow":["GET"]}}],"collection":[{"href":"https:\/\/feuerlino.de\/shop\/wp-json\/wp\/v2\/product"}],"about":[{"href":"https:\/\/feuerlino.de\/shop\/wp-json\/wp\/v2\/types\/product"}],"wp:featuredmedia":[{"embeddable":true,"href":"https:\/\/feuerlino.de\/shop\/wp-json\/wp\/v2\/media\/1301"}],"wp:attachment":[{"href":"https:\/\/feuerlino.de\/shop\/wp-json\/wp\/v2\/media?parent=1298"}],"wp:term":[{"taxonomy":"product_brand","embeddable":true,"href":"https:\/\/feuerlino.de\/shop\/wp-json\/wp\/v2\/product_brand?post=1298"},{"taxonomy":"product_cat","embeddable":true,"href":"https:\/\/feuerlino.de\/shop\/wp-json\/wp\/v2\/product_cat?post=1298"},{"taxonomy":"product_tag","embeddable":true,"href":"https:\/\/feuerlino.de\/shop\/wp-json\/wp\/v2\/product_tag?post=1298"}],"curies":[{"name":"wp","href":"https:\/\/api.w.org\/{rel}","templated":true}]}}