{"id":1142,"date":"2022-01-30T21:30:20","date_gmt":"2022-01-30T20:30:20","guid":{"rendered":"https:\/\/feuerlino.de\/shop\/?post_type=product&#038;p=1142"},"modified":"2026-04-22T21:29:26","modified_gmt":"2026-04-22T19:29:26","slug":"notfall-ausweis-einzelmenge","status":"publish","type":"product","link":"https:\/\/feuerlino.de\/shop\/produkt\/notfall-ausweis-einzelmenge\/","title":{"rendered":"Notfall-Ausweis Einzelmenge"},"content":{"rendered":"<p><strong>Welche Angaben beinhaltet der Notfall-Ausweis?<\/strong><br \/>\nDas sechsseitige Dokument b\u00fcndelt im kompakten Taschenformat alle wichtigen Gesundheitsinformationen, darunter Blutgruppe, Vorerkrankungen, Medikamentenunvertr\u00e4glichkeiten und Notfall-Kontakte. Aber auch Informationen zum Organspendeausweis, zur Vorsorgevollmacht und Patientenverf\u00fcgung beinhaltet der Notfall-Ausweis. Der kleine Ausweis passt problemlos in das Portemonnaie und ist nat\u00fcrlich auch f\u00fcr Kinder abgeleitet <a href=\"https:\/\/feuerlino.de\/shop\/produkt\/kinder-notfall-ausweis\/\">\u2192 zum Produkt hier entlang<\/a>.<\/p>\n<p>Zudem ber\u00fccksichtigt der Notfall-Ausweis von Feuerlino Krankheiten wie Herzerkrankungen, Diabetes und Nieren-Funktionsst\u00f6rungen. Ohne Zeitverlust ist dann eine professionelle Hilfe m\u00f6glich, was gerade bei Herznotf\u00e4llen von gro\u00dfer Bedeutung ist.<\/p>\n<p><strong>Warum brauche ich einen Notfall-Ausweis?<\/strong><br \/>\nMitten aus dem Leben gerissen: Es kann \u00fcberall passieren \u2013 morgens im Sch\u00fcler- oder Berufsverkehr, nachmittags auf dem Spielplatz, abends auf dem R\u00fcckweg vom Wocheneinkauf, auf dem Weg in den Urlaub \u2013 ein schwerer Unfall und die verunfallte Person wird schwer verletzt und bewusstlos aufgefunden und muss not\u00e4rztlich versorgt werden.<\/p>\n<p>Ist man dann nicht ansprechbar, ist ein Notfall-Ausweis unter den pers\u00f6nlichen Papieren f\u00fcr Ersthelfer und alarmierte Rettungskr\u00e4fte \u00e4u\u00dferst hilfreich \u2012 im Ernstfall sogar lebensrettend!<br \/>\nWenn Sie selbst nicht ansprechbar sind, stehen diese oft lebensrettenden Informationen in Ihrem Notfallausweis.<\/p>\n","protected":false},"excerpt":{"rendered":"<p><strong><span style=\"color: #c2282f;\">Notfall-Ausweis \u2013 Der Lebensretter im Taschenformat von Feuerlino\u00ae<\/span><\/strong><\/p>\n<p>Das sechsseitige Dokument b\u00fcndelt im kompakten Taschenformat alle wichtigen Gesundheitsinformationen, darunter Blutgruppe, Vorerkrankungen, Medikamentenunvertr\u00e4glichkeiten und Notfall-Kontakte &#8230;<\/p>\n<p>Format: 7,5 x 9,7 cm | beidseitig bedruckt | passend f\u00fcr DIN A7 H\u00fcllen<\/p>\n<p><span style=\"color: #c2282f; font-size: 13px;\"><em>Empfohlen f\u00fcr Einzelkauf 1 &#8211; 10 St\u00fcck.<br \/>\nG\u00fcnstigerer Staffelpreis ab 50 Stk <a href=\"https:\/\/feuerlino.de\/shop\/produkt\/notfall-ausweis\/\">\u2192 zum Produkt <\/a> <\/em><\/span><\/p>\n","protected":false},"featured_media":1151,"template":"","meta":{"_links_to":"","_links_to_target":""},"product_brand":[],"product_cat":[129],"product_tag":[],"class_list":{"0":"post-1142","1":"product","2":"type-product","3":"status-publish","4":"has-post-thumbnail","6":"product_cat-notfall-ausweise","7":"product_shipping_class-versandkostenpauschale","9":"first","10":"instock","11":"shipping-taxable","12":"purchasable","13":"product-type-simple"},"_links":{"self":[{"href":"https:\/\/feuerlino.de\/shop\/wp-json\/wp\/v2\/product\/1142","targetHints":{"allow":["GET"]}}],"collection":[{"href":"https:\/\/feuerlino.de\/shop\/wp-json\/wp\/v2\/product"}],"about":[{"href":"https:\/\/feuerlino.de\/shop\/wp-json\/wp\/v2\/types\/product"}],"wp:featuredmedia":[{"embeddable":true,"href":"https:\/\/feuerlino.de\/shop\/wp-json\/wp\/v2\/media\/1151"}],"wp:attachment":[{"href":"https:\/\/feuerlino.de\/shop\/wp-json\/wp\/v2\/media?parent=1142"}],"wp:term":[{"taxonomy":"product_brand","embeddable":true,"href":"https:\/\/feuerlino.de\/shop\/wp-json\/wp\/v2\/product_brand?post=1142"},{"taxonomy":"product_cat","embeddable":true,"href":"https:\/\/feuerlino.de\/shop\/wp-json\/wp\/v2\/product_cat?post=1142"},{"taxonomy":"product_tag","embeddable":true,"href":"https:\/\/feuerlino.de\/shop\/wp-json\/wp\/v2\/product_tag?post=1142"}],"curies":[{"name":"wp","href":"https:\/\/api.w.org\/{rel}","templated":true}]}}