{"id":1123,"date":"2022-01-30T20:49:32","date_gmt":"2022-01-30T19:49:32","guid":{"rendered":"https:\/\/feuerlino.de\/shop\/?post_type=product&#038;p=1123"},"modified":"2025-01-30T17:46:19","modified_gmt":"2025-01-30T16:46:19","slug":"notfall-ausweis-mit-wunschlogo","status":"publish","type":"product","link":"https:\/\/feuerlino.de\/shop\/produkt\/notfall-ausweis-mit-wunschlogo\/","title":{"rendered":"Notfall-Ausweis mit Wunschlogo"},"content":{"rendered":"<p>Ideal f\u00fcr Gesundheitswesen, Beh\u00f6rden, Organisationen und Institutionen &#8230;<\/p>\n<p><strong>Welche Angaben beinhaltet der Notfall-Ausweis?<\/strong><br \/>\nDas sechsseitige Dokument b\u00fcndelt im kompakten Taschenformat alle wichtigen Gesundheitsinformationen, darunter Blutgruppe, Vorerkrankungen, Medikamentenunvertr\u00e4glichkeiten und Notfall-Kontakte. Aber auch Informationen zum Organspendeausweis, zur Vorsorgevollmacht und Patientenverf\u00fcgung beinhaltet der Notfall-Ausweis. Der kleine Ausweis passt problemlos in das Portemonnaie und ist nat\u00fcrlich auch f\u00fcr Kinder abgeleitet <a href=\"https:\/\/feuerlino.de\/shop\/produkt\/kinder-notfall-ausweis\/\">\u2192 zum Produkt hier entlang<\/a>.<\/p>\n<p>Zudem ber\u00fccksichtigt der Notfall-Ausweis von Feuerlino Krankheiten wie Herzerkrankungen, Diabetes und Nieren-Funktionsst\u00f6rungen. Ohne Zeitverlust ist dann eine professionelle Hilfe m\u00f6glich, was gerade bei Herznotf\u00e4llen von gro\u00dfer Bedeutung ist.<\/p>\n<p><strong>Warum brauche ich einen Notfall-Ausweis?<\/strong><br \/>\nMitten aus dem Leben gerissen: Es kann \u00fcberall passieren \u2013 morgens im Sch\u00fcler- oder Berufsverkehr, nachmittags auf dem Spielplatz, abends auf dem R\u00fcckweg vom Wocheneinkauf, auf dem Weg in den Urlaub \u2013 ein schwerer Unfall und die verunfallte Person wird schwer verletzt und bewusstlos aufgefunden und muss not\u00e4rztlich versorgt werden.<\/p>\n<p>Ist man dann nicht ansprechbar, ist ein Notfall-Ausweis unter den pers\u00f6nlichen Papieren f\u00fcr Ersthelfer und alarmierte Rettungskr\u00e4fte \u00e4u\u00dferst hilfreich \u2012 im Ernstfall sogar lebensrettend!<br \/>\nWenn Sie selbst nicht ansprechbar sind, stehen diese oft lebensrettenden Informationen in Ihrem Notfallausweis.<\/p>\n<p><strong>Individualisierung:<\/strong><br \/>\nIhre Logo(s) auf der Vorderseite, vollfarbig 4C, verf\u00fcgbare Fl\u00e4che: max. 50 mm x 15 mm.<br \/>\nIndividualisiert durch Einbindung Ihres Logos im Druck (beidseitig) \u2013 ideal f\u00fcr Beh\u00f6rden, Organisationen und Institutionen zur Brandschutzerziehung in Kinderg\u00e4rten, Schulen oder in der Jugendfeuerwehr.<\/p>\n<p>Nach Ihrer Bestellung nehmen wir innerhalb von 24 Stunden (werktags) Kontakt mit Ihnen auf um die Individualisierung zu besprechen und umgehend umzusetzen. Die Freigabe erfolgt per digitalem Korrekturabzug.<\/p>\n<p>Widerruf:<br \/>\nDa es sich um ein personalisiertes Produkt handelt, sind diese Notfall-Ausweise durch die Individualisierung vom Umtausch ausgeschlossen.<\/p>\n","protected":false},"excerpt":{"rendered":"<p><span style=\"color: #c2282f;\"><strong>Notfall-Ausweis \u2013 Der Lebensretter im Taschenformat von Feuerlino\u00ae und Ihrem Logo<\/strong><\/span><\/p>\n<p>Das sechsseitige Dokument b\u00fcndelt im kompakten Taschenformat alle wichtigen Gesundheitsinformationen, darunter Blutgruppe, Vorerkrankungen, Medikamentenunvertr\u00e4glichkeiten und Notfall-Kontakte \u2026<\/p>\n<p>Format: 7,5 x 9,7 cm | beidseitig bedruckt | passend f\u00fcr DIN A7 H\u00fcllen<\/p>\n<p>Individualisiert durch Einbindung Ihres Logos im Druck. Einmalige Satzgeb\u00fchr f\u00fcr die Individualisierung 69,00 \u20ac \u2013 im angezeigten Endpreis enthalten. Weitere Mengen auf Anfrage.<\/p>\n","protected":false},"featured_media":1135,"template":"","meta":{"_links_to":"","_links_to_target":""},"product_brand":[],"product_cat":[129],"product_tag":[],"class_list":{"0":"post-1123","1":"product","2":"type-product","3":"status-publish","4":"has-post-thumbnail","6":"product_cat-notfall-ausweise","7":"product_shipping_class-versandkostenpauschale","9":"first","10":"instock","11":"shipping-taxable","12":"purchasable","13":"product-type-variable","14":"has-default-attributes"},"_links":{"self":[{"href":"https:\/\/feuerlino.de\/shop\/wp-json\/wp\/v2\/product\/1123","targetHints":{"allow":["GET"]}}],"collection":[{"href":"https:\/\/feuerlino.de\/shop\/wp-json\/wp\/v2\/product"}],"about":[{"href":"https:\/\/feuerlino.de\/shop\/wp-json\/wp\/v2\/types\/product"}],"wp:featuredmedia":[{"embeddable":true,"href":"https:\/\/feuerlino.de\/shop\/wp-json\/wp\/v2\/media\/1135"}],"wp:attachment":[{"href":"https:\/\/feuerlino.de\/shop\/wp-json\/wp\/v2\/media?parent=1123"}],"wp:term":[{"taxonomy":"product_brand","embeddable":true,"href":"https:\/\/feuerlino.de\/shop\/wp-json\/wp\/v2\/product_brand?post=1123"},{"taxonomy":"product_cat","embeddable":true,"href":"https:\/\/feuerlino.de\/shop\/wp-json\/wp\/v2\/product_cat?post=1123"},{"taxonomy":"product_tag","embeddable":true,"href":"https:\/\/feuerlino.de\/shop\/wp-json\/wp\/v2\/product_tag?post=1123"}],"curies":[{"name":"wp","href":"https:\/\/api.w.org\/{rel}","templated":true}]}}