{"id":1064,"date":"2022-01-22T16:53:42","date_gmt":"2022-01-22T15:53:42","guid":{"rendered":"https:\/\/feuerlino.de\/shop\/?post_type=product&#038;p=1064"},"modified":"2026-04-23T11:09:48","modified_gmt":"2026-04-23T09:09:48","slug":"kindernotrufkarten-einfach-einzelmenge","status":"publish","type":"product","link":"https:\/\/feuerlino.de\/shop\/produkt\/kindernotrufkarten-einfach-einzelmenge\/","title":{"rendered":"Kindernotrufkarten einfach &#8211; Einzelmenge"},"content":{"rendered":"<p>Die Kindernotrufkarte f\u00fcr Kinder im Kindergarten- und Grundschulalter von Feuerlino\u00ae<br \/>\nFeuerlino zeigt Kindern mit seiner Kindernotrufkarte, wie sie sich im Notfall verhalten sollen. Sie lernen, wie sie \u00fcber die Notrufnummer 112 richtig Hilfe holen. Zum Beispiel wenn es brennt oder sich ein Freund beim Spielen verletzt hat.<\/p>\n<p>Die Kindernotrufkarte verbindet eine kindgerechte Anleitung zum Absetzen eines Notrufs mit einer Liste der wichtigen Telefonnummern (Familienmitglieder, Rettungsdienst und Feuerwehr) und gilt zur Pr\u00e4vention und Hilfestellung mit dem Ziel, dass Kinder die Notrufnummer 112 richtig \u00fcben und wissen, wie sie im Ernstfall Hilfe holen k\u00f6nnen.<\/p>\n<p>Ideal f\u00fcr Beh\u00f6rden, Organisationen und Institutionen zur Brandschutzerziehung in Kinderg\u00e4rten, Schulen oder in der Jugendfeuerwehr.<\/p>\n","protected":false},"excerpt":{"rendered":"<p><strong><span style=\"color: #c2282f;\">SOS f\u00fcr Kids leicht erkl\u00e4rt mit Feuerlinos Kindernotrufkarte.<\/span><\/strong><\/p>\n<p>Die zweiseitige Karte verbindet eine kindgerechte Anleitung zum Absetzen eines Notrufs mit einer Liste der wichtigen Telefonnummern.<\/p>\n<p>Format: 9,8 x 21 cm<br \/>\nMaterial: 300 g Bilderdruck matt<br \/>\nbeidseitig bedruckt<\/p>\n<p><span style=\"color: #c2282f; font-size: 13px;\"><em>Empfohlen f\u00fcr Einzelkauf 1 &#8211; 10 St\u00fcck.<br \/>\nG\u00fcnstigerer Staffelpreis ab 25 Stk <a href=\"https:\/\/feuerlino.de\/shop\/produkt\/kindernotrufkarten-einfach\/\">\u2192 zum Produkt <\/a> <\/em><\/span><\/p>\n","protected":false},"featured_media":2043,"template":"","meta":{"_links_to":"","_links_to_target":""},"product_brand":[],"product_cat":[69],"product_tag":[],"class_list":{"0":"post-1064","1":"product","2":"type-product","3":"status-publish","4":"has-post-thumbnail","6":"product_cat-kindernotrufkarten","7":"product_shipping_class-versandkostenpauschale","9":"first","10":"instock","11":"shipping-taxable","12":"purchasable","13":"product-type-simple"},"_links":{"self":[{"href":"https:\/\/feuerlino.de\/shop\/wp-json\/wp\/v2\/product\/1064","targetHints":{"allow":["GET"]}}],"collection":[{"href":"https:\/\/feuerlino.de\/shop\/wp-json\/wp\/v2\/product"}],"about":[{"href":"https:\/\/feuerlino.de\/shop\/wp-json\/wp\/v2\/types\/product"}],"wp:featuredmedia":[{"embeddable":true,"href":"https:\/\/feuerlino.de\/shop\/wp-json\/wp\/v2\/media\/2043"}],"wp:attachment":[{"href":"https:\/\/feuerlino.de\/shop\/wp-json\/wp\/v2\/media?parent=1064"}],"wp:term":[{"taxonomy":"product_brand","embeddable":true,"href":"https:\/\/feuerlino.de\/shop\/wp-json\/wp\/v2\/product_brand?post=1064"},{"taxonomy":"product_cat","embeddable":true,"href":"https:\/\/feuerlino.de\/shop\/wp-json\/wp\/v2\/product_cat?post=1064"},{"taxonomy":"product_tag","embeddable":true,"href":"https:\/\/feuerlino.de\/shop\/wp-json\/wp\/v2\/product_tag?post=1064"}],"curies":[{"name":"wp","href":"https:\/\/api.w.org\/{rel}","templated":true}]}}